{"id":285,"date":"2022-01-10T20:36:58","date_gmt":"2022-01-10T20:36:58","guid":{"rendered":"https:\/\/spark-akademie.dent-event.com\/data-privacy\/"},"modified":"2022-08-30T09:01:29","modified_gmt":"2022-08-30T09:01:29","slug":"data-privacy","status":"publish","type":"page","link":"https:\/\/spark-akademie.dent-event.com\/usa\/data-privacy\/","title":{"rendered":"Data Privacy"},"content":{"rendered":"<\/p>\n<div class='flex_column av-av_one_full-a93934ecd89fbb8a9566d39e89cd3725 av_one_full  avia-builder-el-0  avia-builder-el-no-sibling  first flex_column_div '   ><p>\n<style type=\"text\/css\" data-created_by=\"avia_inline_auto\" id=\"style-css-av-ky95bea6-9cacfbecf2a9146ce85340feac1318d9\">\n#top .av-special-heading.av-ky95bea6-9cacfbecf2a9146ce85340feac1318d9{\npadding-bottom:10px;\n}\nbody .av-special-heading.av-ky95bea6-9cacfbecf2a9146ce85340feac1318d9 .av-special-heading-tag .heading-char{\nfont-size:25px;\n}\n.av-special-heading.av-ky95bea6-9cacfbecf2a9146ce85340feac1318d9 .av-subheading{\nfont-size:15px;\n}\n<\/style>\n<div  class='av-special-heading av-ky95bea6-9cacfbecf2a9146ce85340feac1318d9 av-special-heading-h3  avia-builder-el-1  el_before_av_textblock  avia-builder-el-first '><h3 class='av-special-heading-tag'  itemprop=\"headline\"  >Data Privacy<\/h3><div class=\"special-heading-border\"><div class=\"special-heading-inner-border\"><\/div><\/div><\/div><br \/>\n<section  class='av_textblock_section av-kyvoscka-69528cee34e83bc7f1551aaa82289b63'  itemscope=\"itemscope\" itemtype=\"https:\/\/schema.org\/CreativeWork\" ><div class='avia_textblock'  itemprop=\"text\" ><p class=\"p1\">Datenschutzerkl\u00e4rung<\/p>\n<p class=\"p1\">Verantwortlicher f\u00fcr die Datenverarbeitung ist:<\/p>\n<p class=\"p1\">A Hoy PR Agentur- und Verlagsges. mbH<\/p>\n<p class=\"p1\">Schrannenstra\u00dfe 4<\/p>\n<p class=\"p1\">Augsburg<\/p>\n<p class=\"p1\">Deutschland<\/p>\n<p class=\"p1\">info@ahoy-pr.de<\/p>\n<p class=\"p1\">Telefon: 08212461357<\/p>\n<p class=\"p1\">Der Schutz Ihrer Privatsph\u00e4re ist f\u00fcr uns sehr wichtig. Nachstehend informieren wir Sie ausf\u00fchrlich \u00fcber den Umgang mit Ihren Daten.<\/p>\n<p class=\"p1\">1. ZUGRIFFSDATEN UND HOSTING<\/p>\n<p class=\"p1\">Bei jedem Aufruf einer Webseite speichert der Webserver lediglich automatisch ein sogenanntes Server-Logfile, das z.B. den Namen der angeforderten Datei, Ihre IP-Adresse, Datum und Uhrzeit des Abrufs, \u00fcbertragene Datenmenge und den anfragenden Provider (Zugriffsdaten) enth\u00e4lt und den Abruf dokumentiert. Diese Zugriffsdaten werden ausschlie\u00dflich zum Zwecke der Sicherstellung eines st\u00f6rungsfreien Betriebs der Seite sowie der Verbesserung unseres Angebots ausgewertet. Dies dient der Wahrung unserer im Rahmen einer Interessensabw\u00e4gung \u00fcberwiegenden berechtigten Interessen an einer korrekten Darstellung unseres Angebots gem\u00e4\u00df Art. 6 Abs. 1 S. 1 lit. f DSGVO. Alle Zugriffsdaten werden sp\u00e4testens sieben Tage nach Ende Ihres Seitenbesuchs gel\u00f6scht.<\/p>\n<p class=\"p1\">HOSTING<\/p>\n<p class=\"p1\">Die Dienste zum Hosting und zur Darstellung der Webseite werden teilweise durch unsere Dienstleister im Rahmen einer Verarbeitung in unserem Auftrag erbracht. Soweit im Rahmen der vorliegenden Datenschutzerkl\u00e4rung nichts anderes erl\u00e4utert wird, werden alle Zugriffsdaten sowie alle Daten, die in daf\u00fcr vorgesehenen Formularen auf dieser Webseite erhoben werden, auf ihren Servern verarbeitet. Bei Fragen zu unseren Dienstleistern und der Grundlage unserer Zusammenarbeit mit ihnen wenden Sie sich bitte an die in dieser Datenschutzerkl\u00e4rung beschriebenen Kontaktm\u00f6glichkeit.<\/p>\n<p class=\"p1\">2. DATENVERARBEITUNG ZUR VERTRAGSABWICKLUNG, KONTAKTAUFNAHME UND BEI ER\u00d6FFNUNG EINES KUNDENKONTOS<\/p>\n<p class=\"p1\">Wir erheben personenbezogene Daten, wenn Sie uns diese im Rahmen Ihrer Registrierung oder bei einer Kontaktaufnahme mit uns (z.B. per Kontaktformular oder E-Mail) freiwillig mitteilen. Pflichtfelder werden als solche gekennzeichnet, da wir in diesen F\u00e4llen die Daten zwingend zur Vertragsabwicklung, bzw. zur Bearbeitung Ihrer Kontaktaufnahme ben\u00f6tigen und Sie ohne deren Angabe die Bestellung bzw. die Kontaktaufnahme nicht versenden k\u00f6nnen. Welche Daten erhoben werden, ist aus den jeweiligen Eingabeformularen ersichtlich. Wir verwenden die von Ihnen mitgeteilten Daten zur Vertragsabwicklung und Bearbeitung Ihrer Anfragen gem\u00e4\u00df Art. 6 Abs. 1 S. 1 lit. b DSGVO.<\/p>\n<p class=\"p1\">Soweit Sie hierzu Ihre Einwilligung nach Art. 6 Abs. 1 S. 1 lit. a DSGVO erteilt haben, indem Sie sich f\u00fcr die Er\u00f6ffnung eines Kundenkontos entscheiden, verwenden wir Ihre Daten zum Zwecke der Kundenkontoer\u00f6ffnung. Weitere Informationen zu der Verarbeitung Ihrer Daten, insbesondere zu der Weitergabe an unsere Dienstleister zum Zwecke der Bestellungs-, Zahlungs- und Versandabwicklung, finden Sie in den nachfolgenden Abschnitten dieser Datenschutzerkl\u00e4rung. Nach vollst\u00e4ndiger Abwicklung des Vertrages oder L\u00f6schung Ihres Kundenkontos werden Ihre Daten f\u00fcr die weitere Verarbeitung eingeschr\u00e4nkt und nach Ablauf der steuer- und handelsrechtlichen Aufbewahrungsfristen gem\u00e4\u00df Art. 6 Abs. 1 S. 1 lit. c DSGVO gel\u00f6scht, sofern Sie nicht ausdr\u00fccklich in eine weitere Nutzung Ihrer Daten gem\u00e4\u00df Art. 6 Abs. 1 S. 1 lit. a DSGVO eingewilligt haben oder wir uns eine dar\u00fcber hinausgehende Datenverwendung vorbehalten, die gesetzlich erlaubt ist und \u00fcber die wir Sie in dieser Erkl\u00e4rung informieren. Die L\u00f6schung Ihres Kundenkontos ist jederzeit m\u00f6glich und kann entweder durch eine Nachricht an die in dieser Datenschutzerkl\u00e4rung beschriebene Kontaktm\u00f6glichkeit oder \u00fcber eine daf\u00fcr vorgesehene Funktion im Kundenkonto erfolgen.<\/p>\n<p class=\"p1\">Zur Vertragserf\u00fcllung gem\u00e4\u00df Art. 6 Abs. 1 S. 1 lit. b DSGVO geben wir Ihre Daten an den mit der Lieferung beauftragten Versanddienstleister weiter, soweit dies zur Lieferung bestellter Waren erforderlich ist.<\/p>\n<p class=\"p1\">3. COOKIES UND WEITERE TECHNOLOGIEN<\/p>\n<p class=\"p1\">3.1 ALLGEMEINE INFORMATIONEN<\/p>\n<p class=\"p1\">Um den Besuch unserer Webseite attraktiv zu gestalten und die Nutzung bestimmter Funktionen zu erm\u00f6glichen, verwenden wir auf verschiedenen Seiten Technologien einschlie\u00dflich sogenannter Cookies. Cookies sind kleine Textdateien, die automatisch auf Ihrem Endger\u00e4t gespeichert werden. Einige der von uns verwendeten Cookies werden nach Ende der Browser-Sitzung, also nach Schlie\u00dfen Ihres Browsers, wieder gel\u00f6scht (sog. Sitzungs-Cookies). Andere Cookies verbleiben auf Ihrem Endger\u00e4t und erm\u00f6glichen uns, Ihren Browser beim n\u00e4chsten Besuch wiederzuerkennen (persistente Cookies).<\/p>\n<p class=\"p1\">Wir verwenden solche Technologien, die f\u00fcr die Nutzung bestimmter Funktionen unserer Webseite (z.B. Warenkorbfunktion) zwingend erforderlich sind. Durch diese Technologien werden IP-Adresse, Zeitpunkt des Besuchs, Ger\u00e4te- und Browser-Informationen sowie Informationen zu Ihrer Nutzung unserer Webseite (z. B. Informationen zum Inhalt des Warenkorbs) erhoben und verarbeitet. Dies dient im Rahmen einer Interessensabw\u00e4gung \u00fcberwiegenden berechtigten Interessen an einer optimierten Darstellung unseres Angebots gem\u00e4\u00df Art. 6 Abs. 1 S. 1 lit. f DSGVO.<\/p>\n<p class=\"p1\">Zudem verwenden wir Technologien zur Erf\u00fcllung der rechtlichen Verpflichtungen, denen wir unterliegen (z.B. um Einwilligungen in die Verarbeitung Ihrer personenbezogenen Daten nachweisen zu k\u00f6nnen) sowie zu Webanalyse und Online-Marketing. Weitere Informationen hierzu einschlie\u00dflich der jeweiligen Rechtsgrundlage f\u00fcr die Datenverarbeitung finden Sie in den nachfolgenden Abschnitten dieser Datenschutzerkl\u00e4rung.<\/p>\n<p class=\"p1\">Die Cookie-Einstellungen f\u00fcr Ihren Browser finden Sie unter den folgenden Links: Microsoft Edge&#x2122; [https:\/\/support.microsoft.com\/de-de\/help\/4027947\/microsoft-edge-delete-cookies] \/ Safari&#x2122; [https:\/\/support.apple.com\/de-de\/guide\/safari\/sfri11471\/12.0\/mac\/10.14] \/ Chrome&#x2122; [https:\/\/support.google.com\/chrome\/answer\/95647?hl=de&#038;hlrm=en] \/ Firefox&#x2122; [https:\/\/support.mozilla.org\/de\/products\/firefox\/protect-your-privacy\/cookies] \/ Opera&#x2122; [https:\/\/help.opera.com\/de\/latest\/web-preferences\/#cookies]<\/p>\n<p class=\"p1\">Soweit Sie in die Verwendung der Technologien gem\u00e4\u00df Art. 6 Abs. 1 S. 1 lit. a DSGVO eingewilligt haben, k\u00f6nnen Sie Ihre Einwilligung jederzeit widerrufen durch eine Nachricht an die in der Datenschutzerkl\u00e4rung beschriebenen Kontaktm\u00f6glichkeit.<\/p>\n<p class=\"p1\">3.2 EINSATZ VON BORLABS ZUR VERWALTUNG VON EINWILLIGUNGEN<\/p>\n<p class=\"p1\">Auf unserer Webseite setzen wir das Borlabs Cookie Plugin (\u201eBorlabs\u201c) ein, um Sie \u00fcber die Cookies und die anderen Technologien zu informieren, die wir auf unserer Webseite verwenden, sowie Ihre gegebenenfalls erforderliche Einwilligung in die Verarbeitung Ihrer personenbezogenen Daten durch diese Technologien einzuholen, zu verwalten und zu dokumentieren. Dies ist gem\u00e4\u00df Art. 6 Abs. 1 S. 1 lit. c DSGVO zur Erf\u00fcllung unserer rechtlichen Verpflichtung gem\u00e4\u00df Art. 7 Abs. 1 DSGVO erforderlich, Ihre Einwilligung in die Verarbeitung Ihrer personenbezogenen Daten nachweisen zu k\u00f6nnen, der wir unterliegen. Borlabs ist ein Angebot von Borlabs \u2013 Benjamin A. Bornschein Georg-Wilhelm-Str. 17, 21107 Hamburg, Deutschland. Bei Besuch unserer Webseite speichert der Webserver von Borlabs ein sogenanntes Borlabs- Cookie, das Informationen \u00fcber Cookie-Laufzeit und -Version, Ger\u00e4te- und Browser-Informationen sowie Informationen zu Ihrem Einwilligungsverhalten enth\u00e4lt. Eine \u00dcbermittlung von personenbezogenen Daten an Borlabs findet dabei nicht statt. Ihre Daten werden nach einem Jahr gel\u00f6scht, sofern Sie nicht ausdr\u00fccklich in eine weitere Nutzung Ihrer Daten gem\u00e4\u00df Art. 6 Abs. 1 S. 1 lit. a DSGVO eingewilligt haben oder wir uns eine dar\u00fcber hinausgehende Datenverwendung vorbehalten, die gesetzlich erlaubt ist und \u00fcber die wir Sie in dieser Erkl\u00e4rung informieren.<\/p>\n<p class=\"p1\">4. EINSATZ VON COOKIES UND ANDEREN TECHNOLOGIEN ZU WEBANALYSE UND WERBEZWECKEN<\/p>\n<p class=\"p1\">Soweit Sie hierzu Ihre Einwilligung nach Art. 6 Abs. 1 S. 1 lit. a DSGVO erteilt haben, verwenden wir auf unserer Webseite die nachfolgenden Cookies und andere Technologien von Drittanbietern. Nach Zweckfortfall und Ende des Einsatzes der jeweiligen Technologie durch uns werden die in diesem Zusammenhang erhobenen Daten gel\u00f6scht. Sie k\u00f6nnen Ihre Einwilligung jederzeit mit Wirkung f\u00fcr die Zukunft widerrufen. Weitere Informationen zu Ihren Widerrufsm\u00f6glichkeiten finden Sie in dem Abschnitt \u201eCookies und weitere Technologien\u201c. Weitere Informationen einschlie\u00dflich der Grundlage unserer Zusammenarbeit mit den einzelnen Anbietern finden Sie bei den einzelnen Technologien. Bei Fragen zu den Anbietern und der Grundlage unserer Zusammenarbeit mit ihnen wenden Sie sich bitte an die in dieser Datenschutzerkl\u00e4rung beschriebenen Kontaktm\u00f6glichkeit.<\/p>\n<p class=\"p1\">EINSATZ VON GOOGLE-DIENSTEN<\/p>\n<p class=\"p1\">Wir verwenden die nachfolgend dargestellten Technologien der Google Ireland Ltd., Gordon House, Barrow Street, Dublin 4, Irland (\u201eGoogle\u201c). Die durch die Google Technologien automatisch erhobenen Informationen \u00fcber Ihre Nutzung unserer Webseite werden in der Regel an einen Server der Google LLC, 1600 Amphitheatre Parkway Mountain View, CA 94043, USA \u00fcbertragen und dort gespeichert. F\u00fcr die USA liegt kein Angemessenheitsbeschluss der Europ\u00e4ischen Kommission vor. Unsere Zusammenarbeit mit ihnen st\u00fctzt sich auf Standarddatenschutzklauseln der Europ\u00e4ischen Kommission. Sofern Ihre IP-Adresse \u00fcber die Google Technologien erhoben wird, wird sie vor der Speicherung auf den Servern von Google durch die Aktivierung der IP-Anonymisierung gek\u00fcrzt. Nur in Ausnahmef\u00e4llen wird die volle IP-Adresse an einen Server von Google \u00fcbertragen und dort gek\u00fcrzt. Soweit bei den einzelnen Technologien nichts Abweichendes angeben ist, erfolgt die Datenverarbeitung auf Grundlage einer f\u00fcr die jeweilige Technologie geschlossenen Vereinbarung zwischen gemeinsam Verantwortlichen gem\u00e4\u00df Art. 26 DSGVO. Weitergehende Informationen \u00fcber die Datenverarbeitung durch Google finden Sie in den Datenschutzhinweisen von Google [https:\/\/policies.google.com\/privacy?hl=de].<\/p>\n<p class=\"p1\">GOOGLE ANALYTICS<\/p>\n<p class=\"p1\">Zum Zweck der Webseitenanalyse werden mit Google Analytics Daten (IP-Adresse, Zeitpunkt des Besuchs, Ger\u00e4te- und Browser-Informationen sowie Informationen zu Ihrer Nutzung unserer Webseite) automatisch erhoben und gespeichert, aus denen unter Verwendung von Pseudonymen Nutzungsprofile erstellt werden. Hierzu k\u00f6nnen Cookies eingesetzt werden. Ihre IP-Adresse wird grunds\u00e4tzlich nicht mit anderen Daten von Google zusammengef\u00fchrt. Die Datenverarbeitung erfolgt auf Grundlage einer Vereinbarung \u00fcber die Auftragsverarbeitung durch Google.<\/p>\n<p class=\"p1\">YOUTUBE VIDEO PLUGIN<\/p>\n<p class=\"p1\">Zur Einbindung von Inhalten Dritter werden \u00fcber das YouTube Video Plugin in dem von uns verwendeten erweiterten Datenschutzmodus Daten (IP-Adresse, Zeitpunkt des Besuchs, Ger\u00e4te- und Browser-Informationen) erhoben, an Google \u00fcbermittelt und anschlie\u00dfend von Google verarbeitet, nur wenn Sie ein Video abspielen.<\/p>\n<p class=\"p1\">5. SOCIAL MEDIA<\/p>\n<p class=\"p1\">UNSERE ONLINEPR\u00c4SENZ AUF FACEBOOK, INSTAGRAM, YOUTUBE<\/p>\n<p class=\"p1\">Soweit Sie hierzu Ihre Einwilligung nach Art. 6 Abs. 1 S. 1 lit. a DSGVO gegen\u00fcber dem jeweiligen Social Media Betreiber erteilt haben, werden bei Besuch unserer Onlinepr\u00e4senzen auf den in der oben genannten sozialen Medien Ihre Daten f\u00fcr Marktforschungs- und Werbezwecke automatisch erhoben und gespeichert, aus denen unter Verwendung von Pseudonymen Nutzungsprofile erstellt werden. Diese k\u00f6nnen verwendet werden, um z.B. Werbeanzeigen innerhalb und au\u00dferhalb der Plattformen zu schalten, die mutma\u00dflich Ihren Interessen entsprechen. Hierzu werden im Regelfall Cookies eingesetzt. Die detaillierten Informationen zur Verarbeitung und Nutzung der Daten durch den jeweiligen Social Media Betreiber sowie eine Kontaktm\u00f6glichkeit und Ihre diesbez\u00fcglichen Rechte und Einstellungsm\u00f6glichkeiten zum Schutz Ihrer Privatsph\u00e4re, entnehmen Sie bitte den unten verlinkten Datenschutzhinweisen der Anbieter. Sollten Sie diesbez\u00fcglich dennoch Hilfe ben\u00f6tigen, k\u00f6nnen Sie sich an uns wenden.<\/p>\n<p class=\"p1\">Facebook [https:\/\/www.facebook.com\/about\/privacy\/]ist ein Angebot der Facebook Ireland Ltd., 4 Grand Canal Square, Dublin 2, Irland (\u201eFacebook Ireland\u201c) Die durch Facebook Ireland automatisch erhobenen Informationen \u00fcber Ihre Nutzung unserer Online-Pr\u00e4senz auf Facebook werden in der Regel an einen Server der Facebook, Inc., 1601 Willow Road, Menlo Park, California 94025, USA \u00fcbertragen und dort gespeichert. F\u00fcr die USA liegt kein Angemessenheitsbeschluss der Europ\u00e4ischen Kommission vor. Unsere Zusammenarbeit mit ihnen st\u00fctzt sich auf Standarddatenschutzklauseln der Europ\u00e4ischen Kommission. Die Datenverarbeitung im Rahmen des Besuchs einer Facebook Fanpage erfolgt auf Grundlage einer Vereinbarung zwischen gemeinsam Verantwortlichen gem\u00e4\u00df Art. 26 DSGVO. Weitere Informationen (Informationen zu Insights-Daten) finden Sie hier [https:\/\/www.facebook.com\/legal\/terms\/information_about_page_insights_data].<\/p>\n<p class=\"p1\">Instagram [https:\/\/help.instagram.com\/519522125107875] ist ein Angebot der Facebook Ireland Ltd., 4 Grand Canal Square, Dublin 2, Irland (\u201eFacebook Ireland\u201c) Die durch Facebook Ireland automatisch erhobenen Informationen \u00fcber Ihre Nutzung unserer Online-Pr\u00e4senz auf Instagram werden in der Regel an einen Server der Facebook, Inc., 1601 Willow Road, Menlo Park, California 94025, USA \u00fcbertragen und dort gespeichert. F\u00fcr die USA liegt kein Angemessenheitsbeschluss der Europ\u00e4ischen Kommission vor. Unsere Zusammenarbeit mit ihnen st\u00fctzt sich auf Standarddatenschutzklauseln der Europ\u00e4ischen Kommission. Die Datenverarbeitung im Rahmen des Besuchs einer Instagram Fanpage erfolgt auf Grundlage einer Vereinbarung zwischen gemeinsam Verantwortlichen gem\u00e4\u00df Art. 26 DSGVO. Weitere Informationen (Informationen zu Insights-Daten) finden Sie hier [https:\/\/www.facebook.com\/legal\/terms\/information_about_page_insights_data].<\/p>\n<p class=\"p1\">YouTube [https:\/\/policies.google.com\/privacy?hl=de] ist ein Angebot der Google Ireland Ltd., Gordon House, Barrow Street, Dublin 4, Irland (\u201eGoogle\u201c). Die von Google automatisch erhobenen Informationen \u00fcber Ihre Nutzung unserer Online-Pr\u00e4senz auf YouTube werden in der Regel an einen Server der Google LLC, 1600 Amphitheatre Parkway Mountain View, CA 94043, USA \u00fcbertragen und dort gespeichert. F\u00fcr die USA liegt kein Angemessenheitsbeschluss der Europ\u00e4ischen Kommission vor. Unsere Zusammenarbeit mit ihnen st\u00fctzt sich auf Standarddatenschutzklauseln der Europ\u00e4ischen Kommission.<\/p>\n<p class=\"p1\">6. KONTAKTM\u00d6GLICHKEITEN UND IHRE RECHTE<\/p>\n<p class=\"p1\">Als Betroffener haben Sie folgende Rechte:<\/p>\n<p class=\"p1\">* gem\u00e4\u00df Art. 15 DSGVO das Recht, in dem dort bezeichneten Umfang Auskunft \u00fcber Ihre von uns verarbeiteten personenbezogenen Daten zu verlangen;<\/p>\n<p class=\"p1\">* gem\u00e4\u00df Art. 16 DSGVO das Recht, unverz\u00fcglich die Berichtigung unrichtiger oder Vervollst\u00e4ndigung Ihrer bei uns gespeicherten personenbezogenen Daten zu verlangen;<\/p>\n<p class=\"p1\">* gem\u00e4\u00df Art. 17 DSGVO das Recht, die L\u00f6schung Ihrer bei uns gespeicherten personenbezogenen Daten zu verlangen, soweit nicht die weitere Verarbeitung<span class=\"Apple-converted-space\">\u00a0\u00a0<\/span>* zur Aus\u00fcbung des Rechts auf freie Meinungs\u00e4u\u00dferung und Information;<\/p>\n<p class=\"p1\"><span class=\"Apple-converted-space\">\u00a0 \u00a0\u00a0<\/span>* zur Erf\u00fcllung einer rechtlichen Verpflichtung;<\/p>\n<p class=\"p1\"><span class=\"Apple-converted-space\">\u00a0 \u00a0\u00a0<\/span>* aus Gr\u00fcnden des \u00f6ffentlichen Interesses oder<\/p>\n<p class=\"p1\"><span class=\"Apple-converted-space\">\u00a0 \u00a0\u00a0<\/span>* zur Geltendmachung, Aus\u00fcbung oder Verteidigung von Rechtsanspr\u00fcchen erforderlich ist;<\/p>\n<p class=\"p2\"><span class=\"Apple-converted-space\">\u00a0 \u00a0<\/span><\/p>\n<p class=\"p2\"><span class=\"Apple-converted-space\">\u00a0 \u00a0<\/span><\/p>\n<p class=\"p1\">* gem\u00e4\u00df Art. 18 DSGVO das Recht, die Einschr\u00e4nkung der Verarbeitung Ihrer personenbezogenen Daten zu verlangen, soweit<span class=\"Apple-converted-space\">\u00a0\u00a0<\/span>* die Richtigkeit der Daten von Ihnen bestritten wird;<\/p>\n<p class=\"p1\"><span class=\"Apple-converted-space\">\u00a0 \u00a0\u00a0<\/span>* die Verarbeitung unrechtm\u00e4\u00dfig ist, Sie aber deren L\u00f6schung ablehnen;<\/p>\n<p class=\"p1\"><span class=\"Apple-converted-space\">\u00a0 \u00a0\u00a0<\/span>* wir die Daten nicht mehr ben\u00f6tigen, Sie diese jedoch zur Geltendmachung, Aus\u00fcbung oder Verteidigung von Rechtsanspr\u00fcchen ben\u00f6tigen oder<\/p>\n<p class=\"p1\"><span class=\"Apple-converted-space\">\u00a0 \u00a0\u00a0<\/span>* Sie gem\u00e4\u00df Art. 21 DSGVO Widerspruch gegen die Verarbeitung eingelegt haben;<\/p>\n<p class=\"p2\"><span class=\"Apple-converted-space\">\u00a0 \u00a0<\/span><\/p>\n<p class=\"p2\"><span class=\"Apple-converted-space\">\u00a0 \u00a0<\/span><\/p>\n<p class=\"p1\">* gem\u00e4\u00df Art. 20 DSGVO das Recht, Ihre personenbezogenen Daten, die Sie uns bereitgestellt haben, in einem strukturierten, g\u00e4ngigen und maschinenlesbaren Format zu erhalten oder die \u00dcbermittlung an einen anderen Verantwortlichen zu verlangen;<\/p>\n<p class=\"p1\">* gem\u00e4\u00df Art. 77 DSGVO das Recht, sich bei einer Aufsichtsbeh\u00f6rde zu beschweren. In der Regel k\u00f6nnen Sie sich hierf\u00fcr an die Aufsichtsbeh\u00f6rde Ihres \u00fcblichen Aufenthaltsortes oder Arbeitsplatzes oder unseres Unternehmenssitzes wenden.<\/p>\n<p class=\"p1\">Bei Fragen zur Erhebung, Verarbeitung oder Nutzung Ihrer personenbezogenen Daten, bei Ausk\u00fcnften, Berichtigung, Einschr\u00e4nkung oder L\u00f6schung von Daten sowie Widerruf erteilter Einwilligungen oder Widerspruch gegen eine bestimmte Datenverwendung wenden Sie sich bitte direkt an uns \u00fcber die Kontaktdaten in unserem Impressum.<\/p>\n<p class=\"p1\">Widerspruchsrecht<\/p>\n<p class=\"p1\">Soweit wir zur Wahrung unserer im Rahmen einer Interessensabw\u00e4gung \u00fcberwiegenden berechtigten Interessen personenbezogene Daten wie oben erl\u00e4utert verarbeiten, k\u00f6nnen Sie dieser Verarbeitung mit Wirkung f\u00fcr die Zukunft widersprechen. Erfolgt die Verarbeitung zu Zwecken des Direktmarketings, k\u00f6nnen Sie dieses Recht jederzeit wie oben beschrieben aus\u00fcben. Soweit die Verarbeitung zu anderen Zwecken erfolgt, steht Ihnen ein Widerspruchsrecht nur bei Vorliegen von Gr\u00fcnden, die sich aus Ihrer besonderen Situation ergeben, zu.<\/p>\n<p class=\"p1\">Nach Aus\u00fcbung Ihres Widerspruchsrechts werden wir Ihre personenbezogenen Daten nicht weiter zu diesen Zwecken verarbeiten, es sei denn, wir k\u00f6nnen zwingende schutzw\u00fcrdige Gr\u00fcnde f\u00fcr die Verarbeitung nachweisen, die Ihre Interessen, Rechte und Freiheiten \u00fcberwiegen, oder wenn die Verarbeitung der Geltendmachung, Aus\u00fcbung oder Verteidigung von Rechtsanspr\u00fcchen dient.<\/p>\n<p class=\"p1\">Dies gilt nicht, wenn die Verarbeitung zu Zwecken des Direktmarketings erfolgt. Dann werden wir Ihre personenbezogenen Daten nicht weiter zu diesem Zweck verarbeiten.<\/p>\n<p class=\"p1\">Datenschutzerkl\u00e4rung erstellt mit rechtstexter.de [https:\/\/legal.trustedshops.com\/legalwizard].<\/p>\n<\/div><\/section><\/p><\/div>\n","protected":false},"excerpt":{"rendered":"","protected":false},"author":1,"featured_media":0,"parent":0,"menu_order":100,"comment_status":"closed","ping_status":"closed","template":"","meta":{"footnotes":""},"class_list":["post-285","page","type-page","status-publish","hentry"],"_links":{"self":[{"href":"https:\/\/spark-akademie.dent-event.com\/usa\/wp-json\/wp\/v2\/pages\/285","targetHints":{"allow":["GET"]}}],"collection":[{"href":"https:\/\/spark-akademie.dent-event.com\/usa\/wp-json\/wp\/v2\/pages"}],"about":[{"href":"https:\/\/spark-akademie.dent-event.com\/usa\/wp-json\/wp\/v2\/types\/page"}],"author":[{"embeddable":true,"href":"https:\/\/spark-akademie.dent-event.com\/usa\/wp-json\/wp\/v2\/users\/1"}],"replies":[{"embeddable":true,"href":"https:\/\/spark-akademie.dent-event.com\/usa\/wp-json\/wp\/v2\/comments?post=285"}],"version-history":[{"count":2,"href":"https:\/\/spark-akademie.dent-event.com\/usa\/wp-json\/wp\/v2\/pages\/285\/revisions"}],"predecessor-version":[{"id":288,"href":"https:\/\/spark-akademie.dent-event.com\/usa\/wp-json\/wp\/v2\/pages\/285\/revisions\/288"}],"wp:attachment":[{"href":"https:\/\/spark-akademie.dent-event.com\/usa\/wp-json\/wp\/v2\/media?parent=285"}],"curies":[{"name":"wp","href":"https:\/\/api.w.org\/{rel}","templated":true}]}}